{"id":813,"date":"2024-04-29T14:59:22","date_gmt":"2024-04-29T12:59:22","guid":{"rendered":"https:\/\/crealin.pro\/?page_id=813"},"modified":"2024-05-14T15:01:39","modified_gmt":"2024-05-14T13:01:39","slug":"notre-histoire","status":"publish","type":"page","link":"https:\/\/crealin.pro\/index.php\/notre-histoire\/","title":{"rendered":"Notre Histoire"},"content":{"rendered":"\t\t<div data-elementor-type=\"wp-page\" data-elementor-id=\"813\" class=\"elementor elementor-813\" data-elementor-settings=\"{&quot;ha_cmc_init_switcher&quot;:&quot;no&quot;}\" data-elementor-post-type=\"page\">\n\t\t\t\t\t\t<section class=\"elementor-section elementor-top-section elementor-element elementor-element-decc6ac elementor-section-boxed elementor-section-height-default elementor-section-height-default\" data-id=\"decc6ac\" data-element_type=\"section\" data-e-type=\"section\" data-settings=\"{&quot;background_background&quot;:&quot;classic&quot;,&quot;_ha_eqh_enable&quot;:false}\">\n\t\t\t\t\t\t<div class=\"elementor-container elementor-column-gap-default\">\n\t\t\t\t\t<div class=\"elementor-column elementor-col-100 elementor-top-column elementor-element elementor-element-783f8a5\" data-id=\"783f8a5\" data-element_type=\"column\" data-e-type=\"column\" data-settings=\"{&quot;background_background&quot;:&quot;classic&quot;}\">\n\t\t\t<div class=\"elementor-widget-wrap elementor-element-populated\">\n\t\t\t\t\t\t<div class=\"elementor-element elementor-element-94b5efe elementor-widget elementor-widget-heading\" data-id=\"94b5efe\" data-element_type=\"widget\" data-e-type=\"widget\" data-widget_type=\"heading.default\">\n\t\t\t\t<div class=\"elementor-widget-container\">\n\t\t\t\t\t<h2 class=\"elementor-heading-title elementor-size-default\">Il \u00e9tait une fleur de Lin ...<\/h2>\t\t\t\t<\/div>\n\t\t\t\t<\/div>\n\t\t\t\t<div class=\"elementor-element elementor-element-9b5f902 ha-has-bg-overlay elementor-widget elementor-widget-text-editor\" data-id=\"9b5f902\" data-element_type=\"widget\" data-e-type=\"widget\" data-widget_type=\"text-editor.default\">\n\t\t\t\t<div class=\"elementor-widget-container\">\n\t\t\t\t\t\t\t\t\t<p style=\"font-weight: 400;\">\u00a0Pour une mode \u00e9thique et durable, Cr\u00e9aLIN cr\u00e9e des sacs en lin de Normandie.<br \/>La Normandie est le premier producteur mondial de lin.<br \/>Confectionner des sacs en Normandie \u00e0 partir de ce lin devenait une \u00e9vidence !<br \/>M\u00eame notre mati\u00e8re premi\u00e8re est locale ! Et nos sacs sont r\u00e9alis\u00e9s avec des toiles de lin brut tiss\u00e9e en Normandie et sont confectionn\u00e9s dans notre atelier de La No\u00e9 Poulain, proche de Pont-Audemer.<\/p>\t\t\t\t\t\t\t\t<\/div>\n\t\t\t\t<\/div>\n\t\t\t\t<div class=\"elementor-element elementor-element-5dcaba7 elementor-widget elementor-widget-spacer\" data-id=\"5dcaba7\" data-element_type=\"widget\" data-e-type=\"widget\" data-widget_type=\"spacer.default\">\n\t\t\t\t<div class=\"elementor-widget-container\">\n\t\t\t\t\t\t\t<div class=\"elementor-spacer\">\n\t\t\t<div class=\"elementor-spacer-inner\"><\/div>\n\t\t<\/div>\n\t\t\t\t\t\t<\/div>\n\t\t\t\t<\/div>\n\t\t\t\t\t<\/div>\n\t\t<\/div>\n\t\t\t\t\t<\/div>\n\t\t<\/section>\n\t\t\t\t<\/div>\n\t\t","protected":false},"excerpt":{"rendered":"<p>Il \u00e9tait une fleur de Lin &#8230; \u00a0Pour une mode \u00e9thique et durable, Cr\u00e9aLIN cr\u00e9e des sacs en lin de Normandie.La Normandie est le premier producteur mondial de lin.Confectionner des [&hellip;]<\/p>\n","protected":false},"author":2,"featured_media":0,"parent":0,"menu_order":0,"comment_status":"closed","ping_status":"closed","template":"","meta":{"footnotes":""},"class_list":["post-813","page","type-page","status-publish","hentry"],"_links":{"self":[{"href":"https:\/\/crealin.pro\/index.php\/wp-json\/wp\/v2\/pages\/813","targetHints":{"allow":["GET"]}}],"collection":[{"href":"https:\/\/crealin.pro\/index.php\/wp-json\/wp\/v2\/pages"}],"about":[{"href":"https:\/\/crealin.pro\/index.php\/wp-json\/wp\/v2\/types\/page"}],"author":[{"embeddable":true,"href":"https:\/\/crealin.pro\/index.php\/wp-json\/wp\/v2\/users\/2"}],"replies":[{"embeddable":true,"href":"https:\/\/crealin.pro\/index.php\/wp-json\/wp\/v2\/comments?post=813"}],"version-history":[{"count":10,"href":"https:\/\/crealin.pro\/index.php\/wp-json\/wp\/v2\/pages\/813\/revisions"}],"predecessor-version":[{"id":894,"href":"https:\/\/crealin.pro\/index.php\/wp-json\/wp\/v2\/pages\/813\/revisions\/894"}],"wp:attachment":[{"href":"https:\/\/crealin.pro\/index.php\/wp-json\/wp\/v2\/media?parent=813"}],"curies":[{"name":"wp","href":"https:\/\/api.w.org\/{rel}","templated":true}]}}